{"id":10,"date":"2025-09-13T12:17:24","date_gmt":"2025-09-13T09:17:24","guid":{"rendered":"http:\/\/www.bicakhane.com\/index.php\/sepet\/"},"modified":"2025-09-13T12:17:24","modified_gmt":"2025-09-13T09:17:24","slug":"sepet","status":"publish","type":"page","link":"https:\/\/www.bicakhane.com\/index.php\/sepet\/","title":{"rendered":"Sepet"},"content":{"rendered":"\n<div data-block-name=\"woocommerce\/cart\" class=\"wp-block-woocommerce-cart alignwide is-loading\">\n<div data-block-name=\"woocommerce\/filled-cart-block\" class=\"wp-block-woocommerce-filled-cart-block\">\n<div data-block-name=\"woocommerce\/cart-items-block\" class=\"wp-block-woocommerce-cart-items-block\">\n<div data-block-name=\"woocommerce\/cart-line-items-block\" class=\"wp-block-woocommerce-cart-line-items-block\"><\/div>\n\n\n\n<div data-block-name=\"woocommerce\/cart-cross-sells-block\" class=\"wp-block-woocommerce-cart-cross-sells-block\">\n<h2 class=\"wp-block-heading has-large-font-size\">\u0130lginizi \u00e7ekebilir\u2026<\/h2>\n\n\n\n<div data-block-name=\"woocommerce\/cart-cross-sells-products-block\" class=\"wp-block-woocommerce-cart-cross-sells-products-block\"><\/div>\n<\/div>\n<\/div>\n\n\n\n<div data-block-name=\"woocommerce\/cart-totals-block\" class=\"wp-block-woocommerce-cart-totals-block\">\n<div data-block-name=\"woocommerce\/cart-order-summary-block\" class=\"wp-block-woocommerce-cart-order-summary-block\">\n<div data-block-name=\"woocommerce\/cart-order-summary-heading-block\" class=\"wp-block-woocommerce-cart-order-summary-heading-block\"><\/div><div data-block-name=\"woocommerce\/cart-order-summary-coupon-form-block\" class=\"wp-block-woocommerce-cart-order-summary-coupon-form-block\"><\/div><div data-block-name=\"woocommerce\/cart-order-summary-totals-block\" class=\"wp-block-woocommerce-cart-order-summary-totals-block\">\n<div data-block-name=\"woocommerce\/cart-order-summary-subtotal-block\" class=\"wp-block-woocommerce-cart-order-summary-subtotal-block\"><\/div>\n<div data-block-name=\"woocommerce\/cart-order-summary-discount-block\" class=\"wp-block-woocommerce-cart-order-summary-discount-block\"><\/div>\n<div data-block-name=\"woocommerce\/cart-order-summary-fee-block\" class=\"wp-block-woocommerce-cart-order-summary-fee-block\"><\/div>\n<div data-block-name=\"woocommerce\/cart-order-summary-shipping-block\" class=\"wp-block-woocommerce-cart-order-summary-shipping-block\"><\/div>\n<div data-block-name=\"woocommerce\/cart-order-summary-taxes-block\" class=\"wp-block-woocommerce-cart-order-summary-taxes-block\"><\/div><\/div>\n<\/div>\n\n\n\n<div data-block-name=\"woocommerce\/cart-express-payment-block\" class=\"wp-block-woocommerce-cart-express-payment-block\"><\/div>\n\n\n\n<div data-block-name=\"woocommerce\/proceed-to-checkout-block\" class=\"wp-block-woocommerce-proceed-to-checkout-block\"><\/div>\n\n\n\n<div data-block-name=\"woocommerce\/cart-accepted-payment-methods-block\" class=\"wp-block-woocommerce-cart-accepted-payment-methods-block\"><\/div>\n<\/div>\n<\/div>\n\n\n\n<div data-block-name=\"woocommerce\/empty-cart-block\" class=\"wp-block-woocommerce-empty-cart-block\">\n<h2 class=\"wp-block-heading has-text-align-center with-empty-cart-icon wc-block-cart__empty-cart__title\">Sepetiniz \u015fu anda bo\u015f!<\/h2>\n\n\n\n<hr class=\"wp-block-separator has-alpha-channel-opacity is-style-dots\"\/>\n\n\n\n<h2 class=\"wp-block-heading has-text-align-center\">Ma\u011fazada yeni<\/h2>\n\n\n<div data-block-name=\"woocommerce\/product-new\" data-columns=\"4\" data-rows=\"1\" class=\"wc-block-grid wp-block-product-new wp-block-woocommerce-product-new wc-block-product-new has-4-columns\"><ul class=\"wc-block-grid__products\"><li class=\"wc-block-grid__product\">\n\t\t\t\t\t<a href=\"https:\/\/www.bicakhane.com\/index.php\/urun\/cemil-polat-malatya-cakisi\/\" class=\"wc-block-grid__product-link\">\n\t\t\t\t\t\t\n\t\t\t\t\t\t<div class=\"wc-block-grid__product-image\"><img fetchpriority=\"high\" decoding=\"async\" width=\"400\" height=\"533\" src=\"https:\/\/www.bicakhane.com\/wp-content\/uploads\/2025\/09\/malatya_cemil_polat_beyda_ak_s_-400x533.webp\" class=\"attachment-woocommerce_thumbnail size-woocommerce_thumbnail\" alt=\"Cemil Polat Malatya \u00c7ak\u0131s\u0131\" \/><\/div>\n\t\t\t\t\t<\/a>\n\t\t\t\t\t<a href=\"https:\/\/www.bicakhane.com\/index.php\/urun\/cemil-polat-malatya-cakisi\/\" class=\"wc-block-grid__product-title-group\">\n\t\t\t\t\t\t<div class=\"wc-block-grid__product-title\">Cemil Polat Malatya \u00c7ak\u0131s\u0131<\/div>\n\t\t\t\t\t<\/a>\n\t\t\t\t\t<div class=\"wc-block-grid__product-price price\"><span class=\"woocommerce-Price-amount amount\"><span class=\"woocommerce-Price-currencySymbol\">&#8378;<\/span>&nbsp;270.00<\/span><\/div>\n\t\t\t\t\t\n\t\t\t\t\t<div class=\"wp-block-button wc-block-grid__product-add-to-cart\"><a href=\"\/index.php\/wp-json\/wp\/v2\/pages\/10?add-to-cart=1000067\" aria-label=\"Sepete ekle: \u201cCemil Polat Malatya \u00c7ak\u0131s\u0131\u201d\" data-quantity=\"1\" data-product_id=\"1000067\" data-product_sku=\"\" data-price=\"270\" rel=\"nofollow\" class=\"wp-block-button__link  add_to_cart_button ajax_add_to_cart\">Sepete Ekle<\/a><\/div>\n\t\t\t\t<\/li><li class=\"wc-block-grid__product\">\n\t\t\t\t\t<a href=\"https:\/\/www.bicakhane.com\/index.php\/urun\/surbisa-bicak-seti\/\" class=\"wc-block-grid__product-link\">\n\t\t\t\t\t\t\n\t\t\t\t\t\t<div class=\"wc-block-grid__product-image\"><img decoding=\"async\" width=\"400\" height=\"533\" src=\"https:\/\/www.bicakhane.com\/wp-content\/uploads\/2025\/09\/61501-n-mutfak-seti-125-11-b-400x533.webp\" class=\"attachment-woocommerce_thumbnail size-woocommerce_thumbnail\" alt=\"S\u00fcrbisa B\u0131\u00e7ak Seti\" \/><\/div>\n\t\t\t\t\t<\/a>\n\t\t\t\t\t<a href=\"https:\/\/www.bicakhane.com\/index.php\/urun\/surbisa-bicak-seti\/\" class=\"wc-block-grid__product-title-group\">\n\t\t\t\t\t\t<div class=\"wc-block-grid__product-title\">S\u00fcrbisa B\u0131\u00e7ak Seti<\/div>\n\t\t\t\t\t<\/a>\n\t\t\t\t\t<div class=\"wc-block-grid__product-price price\"><span class=\"woocommerce-Price-amount amount\"><span class=\"woocommerce-Price-currencySymbol\">&#8378;<\/span>&nbsp;2,300.00<\/span><\/div>\n\t\t\t\t\t\n\t\t\t\t\t<div class=\"wp-block-button wc-block-grid__product-add-to-cart\"><a href=\"\/index.php\/wp-json\/wp\/v2\/pages\/10?add-to-cart=1000066\" aria-label=\"Sepete ekle: \u201cS\u00fcrbisa B\u0131\u00e7ak Seti\u201d\" data-quantity=\"1\" data-product_id=\"1000066\" data-product_sku=\"\" data-price=\"2300\" rel=\"nofollow\" class=\"wp-block-button__link  add_to_cart_button ajax_add_to_cart\">Sepete Ekle<\/a><\/div>\n\t\t\t\t<\/li><li class=\"wc-block-grid__product\">\n\t\t\t\t\t<a href=\"https:\/\/www.bicakhane.com\/index.php\/urun\/f-dick-masat\/\" class=\"wc-block-grid__product-link\">\n\t\t\t\t\t\t\n\t\t\t\t\t\t<div class=\"wc-block-grid__product-image\"><img decoding=\"async\" width=\"400\" height=\"533\" src=\"https:\/\/www.bicakhane.com\/wp-content\/uploads\/2025\/09\/fischer-kanall_-yass_-masat-400x533.webp\" class=\"attachment-woocommerce_thumbnail size-woocommerce_thumbnail\" alt=\"F.Dick Masat\" \/><\/div>\n\t\t\t\t\t<\/a>\n\t\t\t\t\t<a href=\"https:\/\/www.bicakhane.com\/index.php\/urun\/f-dick-masat\/\" class=\"wc-block-grid__product-title-group\">\n\t\t\t\t\t\t<div class=\"wc-block-grid__product-title\">F.Dick Masat<\/div>\n\t\t\t\t\t<\/a>\n\t\t\t\t\t<div class=\"wc-block-grid__product-price price\"><span class=\"woocommerce-Price-amount amount\"><span class=\"woocommerce-Price-currencySymbol\">&#8378;<\/span>&nbsp;1,500.00<\/span><\/div>\n\t\t\t\t\t\n\t\t\t\t\t<div class=\"wp-block-button wc-block-grid__product-add-to-cart\"><a href=\"\/index.php\/wp-json\/wp\/v2\/pages\/10?add-to-cart=1000065\" aria-label=\"Sepete ekle: \u201cF.Dick Masat\u201d\" data-quantity=\"1\" data-product_id=\"1000065\" data-product_sku=\"\" data-price=\"1500\" rel=\"nofollow\" class=\"wp-block-button__link  add_to_cart_button ajax_add_to_cart\">Sepete Ekle<\/a><\/div>\n\t\t\t\t<\/li><li class=\"wc-block-grid__product\">\n\t\t\t\t\t<a href=\"https:\/\/www.bicakhane.com\/index.php\/urun\/dogan-ciftel-makina-aynasi\/\" class=\"wc-block-grid__product-link\">\n\t\t\t\t\t\t\n\t\t\t\t\t\t<div class=\"wc-block-grid__product-image\"><img loading=\"lazy\" decoding=\"async\" width=\"400\" height=\"533\" src=\"https:\/\/www.bicakhane.com\/wp-content\/uploads\/2025\/09\/ayna_1-400x533.webp\" class=\"attachment-woocommerce_thumbnail size-woocommerce_thumbnail\" alt=\"Do\u011fan \u00c7iftel Makina Aynas\u0131\" \/><\/div>\n\t\t\t\t\t<\/a>\n\t\t\t\t\t<a href=\"https:\/\/www.bicakhane.com\/index.php\/urun\/dogan-ciftel-makina-aynasi\/\" class=\"wc-block-grid__product-title-group\">\n\t\t\t\t\t\t<div class=\"wc-block-grid__product-title\">Do\u011fan \u00c7iftel Makina Aynas\u0131<\/div>\n\t\t\t\t\t<\/a>\n\t\t\t\t\t<div class=\"wc-block-grid__product-price price\"><span class=\"woocommerce-Price-amount amount\"><span class=\"woocommerce-Price-currencySymbol\">&#8378;<\/span>&nbsp;1,000.00<\/span><\/div>\n\t\t\t\t\t\n\t\t\t\t\t<div class=\"wp-block-button wc-block-grid__product-add-to-cart\"><a href=\"\/index.php\/wp-json\/wp\/v2\/pages\/10?add-to-cart=1000064\" aria-label=\"Sepete ekle: \u201cDo\u011fan \u00c7iftel Makina Aynas\u0131\u201d\" data-quantity=\"1\" data-product_id=\"1000064\" data-product_sku=\"\" data-price=\"1000\" rel=\"nofollow\" class=\"wp-block-button__link  add_to_cart_button ajax_add_to_cart\">Sepete Ekle<\/a><\/div>\n\t\t\t\t<\/li><\/ul><\/div><\/div>\n<\/div>\n","protected":false},"excerpt":{"rendered":"","protected":false},"author":1,"featured_media":0,"parent":0,"menu_order":0,"comment_status":"closed","ping_status":"closed","template":"","meta":{"footnotes":""},"class_list":["post-10","page","type-page","status-publish","hentry"],"_links":{"self":[{"href":"https:\/\/www.bicakhane.com\/index.php\/wp-json\/wp\/v2\/pages\/10","targetHints":{"allow":["GET"]}}],"collection":[{"href":"https:\/\/www.bicakhane.com\/index.php\/wp-json\/wp\/v2\/pages"}],"about":[{"href":"https:\/\/www.bicakhane.com\/index.php\/wp-json\/wp\/v2\/types\/page"}],"author":[{"embeddable":true,"href":"https:\/\/www.bicakhane.com\/index.php\/wp-json\/wp\/v2\/users\/1"}],"replies":[{"embeddable":true,"href":"https:\/\/www.bicakhane.com\/index.php\/wp-json\/wp\/v2\/comments?post=10"}],"version-history":[{"count":0,"href":"https:\/\/www.bicakhane.com\/index.php\/wp-json\/wp\/v2\/pages\/10\/revisions"}],"wp:attachment":[{"href":"https:\/\/www.bicakhane.com\/index.php\/wp-json\/wp\/v2\/media?parent=10"}],"curies":[{"name":"wp","href":"https:\/\/api.w.org\/{rel}","templated":true}]}}